{"id":1,"date":"2019-07-24T14:27:43","date_gmt":"2019-07-24T14:27:43","guid":{"rendered":"https:\/\/fiffibar.de\/?page_id=1"},"modified":"2026-04-09T07:11:10","modified_gmt":"2026-04-09T07:11:10","slug":"home","status":"publish","type":"page","link":"https:\/\/fiffibar.de\/","title":{"rendered":"Home"},"content":{"rendered":"<div>Seit 1999<\/div>\n<p><img decoding=\"async\" src=\"\/wp-content\/uploads\/2025\/10\/fiffiBar_Logo_1_white_small.svg\" alt=\"\"><\/p>\n<h2>Die<br class=\"uk-visible@s\"> <strong class=\"uk-heading-divider\">fiffi Bar<\/strong><\/h2>\n<div>\n<p>A big welcome, wuff!<\/p>\n<p>Wir veranstalten legend\u00e4re Quiz Shows und Karaoke Abende. Ausserdem finden bei uns aktuell die Jazz BOTT Live Konzerte statt.<\/p>\n<\/div>\n<h2>Programm<\/h2>\n<p><img decoding=\"async\" src=\"\/wp-content\/uploads\/2026\/04\/Fiffi_Programm_04_26_RZ1.jpg\" alt=\"\"><\/p>\n<p><p>\n        <a href=\"\/wp-content\/uploads\/2026\/04\/Fiffi_Programm_04_26_RZ_screen.pdf\">Download<\/a>\n    <\/p>\n<\/p>\n<h2>April 2026<\/h2>\n<p><img decoding=\"async\" src=\"\/wp-content\/uploads\/2026\/04\/Fiffi_Programm_04_26_RZ2.jpg\" alt=\"\"><\/p>\n<p><p>\n        <a href=\"\/?page_id=31\">Programm <\/a>\n    <\/p>\n<\/p>\n<h2>Die Bar<\/h2>\n<div>\n<p>        <img decoding=\"async\" src=\"\/wp-content\/uploads\/2025\/10\/drink1.jpg\" alt=\"\"><\/p>\n<h3>Getr\u00e4nke<\/h3>\n<p><a href=\"\/?page_id=2438\"><\/a><\/p>\n<\/div>\n<div>\n<p>        <img decoding=\"async\" src=\"\/wp-content\/uploads\/2025\/10\/raimund2.jpg\" alt=\"\"><\/p>\n<h3>Geschichte<\/h3>\n<p><a href=\"\/?page_id=2\"><\/a><\/p>\n<\/div>\n<div>\n<p>        <img decoding=\"async\" src=\"\/wp-content\/uploads\/2025\/10\/buehne.jpg\" alt=\"\"><\/p>\n<h3>Galerie<\/h3>\n<p><a href=\"\/?page_id=3\"><\/a><\/p>\n<\/div>\n<div>\n<p>        <img decoding=\"async\" src=\"\/wp-content\/uploads\/2025\/10\/drums.jpg\" alt=\"\"><\/p>\n<h3>Veranstaltungen<\/h3>\n<p><a href=\"\/?page_id=31\"><\/a><\/p>\n<\/div>\n<div>\n<p>Auf den Hund gekommen? <br \/>Die lange, 20-j\u00e4hrige Geschichte der fiffiBAR in der K\u00f6lner S\u00fcdstadt begann einst in der Rolandstra\u00dfe mit der Idee &#8230;<\/p>\n<\/div>\n<p><p>\n        <a href=\"\/?page_id=2\">Geschichte<\/a>\n    <\/p>\n<\/p>\n<h2>Reservierungen<\/h2>\n<div>\n<p>Du suchst den perfekten Ort f\u00fcr deine n\u00e4chste Party?<\/p>\n<\/div>\n<h3>Phone<\/h3>\n<div><a class=\"uk-link-reset\" href=\"tel:+49170 4049981\">+49 (0)170 4049981<\/a><\/div>\n<h3>Email<\/h3>\n<div>\n<p><a class=\"uk-link-reset\" href=\"mailto:info@fiffibar.de\">info@fiffibar.de<\/a><\/p>\n<\/div>\n<div>\n<p>50.9227461,6.9621012<\/p>\n<h3>fiffi BAR<\/h3>\n<div>\n<p>Severinswall 35<br \/> <br \/>\n50678 K\u00f6ln<\/p>\n<p><a href=\"mailto:table@email.com\">info@fiffibar.de<\/a><br \/>\n<a class=\"uk-link-reset\" href=\"tel:+44(0)5555555555\">+49 (0)170 4049981<\/a><\/p>\n<\/div>\n<\/div>\n<ul>\n<li>\n<p>\n        <a href=\"https:\/\/www.instagram.com\/fiffibar?igsh=eWt3YjE4MnVzdXJl\">Folge uns auf Instagram<\/a>\n    <\/p>\n<\/li>\n<li>\n<p>\n        <a href=\"https:\/\/www.facebook.com\/share\/1F2EpJBQMc\/?mibextid=wwXIfr\">Folge uns auf Facebook<\/a>\n    <\/p>\n<\/li>\n<\/ul>\n<p><!--more--><br \/>\n<!-- {\"type\":\"layout\",\"children\":[{\"name\":\"Hero\",\"type\":\"section\",\"props\":{\"animation\":\"slide-bottom-small\",\"height\":\"viewport\",\"height_viewport_offset\":true,\"image\":\"wp-content\/uploads\/2025\/10\/bar_innen_1.jpg\",\"image_loading\":true,\"image_position\":\"center-center\",\"image_size\":\"cover\",\"image_width\":\"1920\",\"media_background\":\"#fff\",\"media_overlay\":\"rgba(0, 0, 0, 0.14)\",\"style\":\"default\",\"text_color\":\"light\",\"title_breakpoint\":\"xl\",\"title_position\":\"top-left\",\"title_rotation\":\"left\",\"vertical_align\":\"middle\",\"width\":\"default\"},\"children\":[{\"type\":\"row\",\"children\":[{\"type\":\"column\",\"props\":{\"image_position\":\"center-center\",\"position_sticky_breakpoint\":\"m\"},\"children\":[{\"type\":\"headline\",\"props\":{\"content\":\"Seit 1999\",\"css\":\".el-element { letter-spacing: 4px; }\",\"image_align\":\"left\",\"image_margin\":\"xsmall\",\"text_align\":\"center\",\"title_element\":\"div\",\"title_style\":\"h5\"}}]}]},{\"type\":\"row\",\"props\":{\"margin_bottom\":\"default\",\"margin_top\":\"default\"},\"children\":[{\"type\":\"column\",\"props\":{\"image_position\":\"center-center\",\"position_sticky_breakpoint\":\"m\",\"width_medium\":\"1-1\"},\"children\":[{\"type\":\"image\",\"props\":{\"image\":\"wp-content\/uploads\/2025\/10\/fiffiBar_Logo_1_white_small.svg\",\"image_height\":0,\"image_svg_color\":\"emphasis\",\"image_width\":300,\"margin_bottom\":\"default\",\"margin_top\":\"default\",\"text_align\":\"center\"}},{\"type\":\"headline\",\"props\":{\"content\":\"DIE FIFFIBAR IST KARFREITAG 03.04. GESCHLOSSEN.<br \/>AB SAMSTAG 04.04. HABEN WIR WIEDER F\u00dcR EUCH GE\u00d6FFNET.\",\"css\":\".el-element { letter-spacing: 4px; }\",\"image_align\":\"left\",\"image_margin\":\"xsmall\",\"status\":\"disabled\",\"text_align\":\"center\",\"title_element\":\"div\",\"title_style\":\"h5\"}}]}]}]},{\"name\":\"About\",\"type\":\"section\",\"props\":{\"animation\":\"fade\",\"animation_delay\":false,\"image_position\":\"bottom-right\",\"padding_bottom\":\"xlarge\",\"padding_top\":\"xlarge\",\"style\":\"default\",\"title_breakpoint\":\"xl\",\"title_position\":\"top-left\",\"title_rotation\":\"left\",\"vertical_align\":\"\",\"width\":\"default\"},\"children\":[{\"type\":\"row\",\"props\":{\"column_gap\":\"large\",\"layout\":\"1-2,1-2\",\"row_gap\":\"large\"},\"children\":[{\"type\":\"column\",\"props\":{\"image_position\":\"center-center\",\"position_sticky_breakpoint\":\"m\",\"width_medium\":\"1-2\"},\"children\":[{\"type\":\"headline\",\"props\":{\"content\":\"Die<br class=\\\"uk-visible@s\\\"> <strong class=\\\"uk-heading-divider\\\">fiffi Bar<\/strong>\",\"image_align\":\"left\",\"image_margin\":\"xsmall\",\"maxwidth\":\"xlarge\",\"text_align\":\"center\",\"title_element\":\"h2\",\"title_style\":\"h1\"}}]},{\"type\":\"column\",\"props\":{\"image_position\":\"center-center\",\"position_sticky_breakpoint\":\"m\",\"width_medium\":\"1-2\"},\"children\":[{\"type\":\"text\",\"props\":{\"column_breakpoint\":\"m\",\"content\":\"\n\n<p>A big welcome, wuff!\n\nWir veranstalten legend\u00e4re Quiz Shows und Karaoke Abende. Ausserdem finden bei uns aktuell die Jazz BOTT Live Konzerte statt.<\/p>\n\n\",\"margin_bottom\":\"medium\",\"margin_top\":\"medium\",\"text_align\":\"center\",\"text_style\":\"lead\"}}]}]}]},{\"name\":\"Image\",\"type\":\"section\",\"props\":{\"height\":\"viewport\",\"height_viewport\":50,\"image\":\"wp-content\/uploads\/2025\/10\/IMG_9008.jpg\",\"image_effect\":\"fixed\",\"image_position\":\"center-center\",\"image_size\":\"cover\",\"image_width\":\"1920\",\"style\":\"default\",\"title_breakpoint\":\"xl\",\"title_position\":\"top-left\",\"title_rotation\":\"left\",\"vertical_align\":\"middle\",\"width\":\"default\"},\"children\":[{\"type\":\"row\",\"children\":[{\"type\":\"column\",\"props\":{\"image_position\":\"center-center\",\"position_sticky_breakpoint\":\"m\",\"width_medium\":\"1-1\"}}]}]},{\"name\":\"Menu\",\"type\":\"section\",\"props\":{\"animation\":\"fade\",\"animation_delay\":false,\"image\":\"wp-content\/uploads\/2025\/10\/home-menu-bg-fiffi-1.svg\",\"image_position\":\"bottom-left\",\"image_width\":600,\"media_visibility\":\"l\",\"padding_bottom\":\"large\",\"padding_top\":\"large\",\"style\":\"default\",\"title_breakpoint\":\"xl\",\"title_position\":\"top-left\",\"title_rotation\":\"left\",\"vertical_align\":\"\",\"width\":\"default\"},\"children\":[{\"type\":\"row\",\"children\":[{\"type\":\"column\",\"props\":{\"image_position\":\"center-center\",\"position_sticky_breakpoint\":\"m\"}}]},{\"type\":\"row\",\"props\":{\"column_gap\":\"large\",\"layout\":\"1-2,1-2\",\"row_gap\":\"large\"},\"children\":[{\"type\":\"column\",\"props\":{\"image_position\":\"center-center\",\"position_sticky_breakpoint\":\"m\",\"width_medium\":\"1-2\"},\"children\":[{\"type\":\"headline\",\"props\":{\"content\":\"Programm\",\"image_align\":\"left\",\"image_margin\":\"xsmall\",\"text_align\":\"center\",\"title_element\":\"h2\"}},{\"type\":\"image\",\"props\":{\"image\":\"wp-content\/uploads\/2026\/04\/Fiffi_Programm_04_26_RZ1.jpg\",\"image_height\":500,\"image_svg_color\":\"emphasis\",\"margin_bottom\":\"default\",\"margin_top\":\"default\",\"text_align\":\"center\"}},{\"type\":\"button\",\"props\":{\"grid_column_gap\":\"small\",\"grid_row_gap\":\"small\",\"margin_bottom\":\"default\",\"margin_top\":\"default\",\"text_align\":\"center\"},\"children\":[{\"type\":\"button_item\",\"props\":{\"button_style\":\"default\",\"content\":\"Download\",\"dialog_layout\":\"modal\",\"dialog_offcanvas_flip\":true,\"icon_align\":\"left\",\"link\":\"wp-content\/uploads\/2026\/04\/Fiffi_Programm_04_26_RZ_screen.pdf\"}}]}]},{\"type\":\"column\",\"props\":{\"image_position\":\"center-center\",\"position_sticky_breakpoint\":\"m\",\"width_medium\":\"1-2\"},\"children\":[{\"type\":\"headline\",\"props\":{\"content\":\"April 2026\",\"image_align\":\"left\",\"image_margin\":\"xsmall\",\"text_align\":\"center\",\"title_element\":\"h2\"}},{\"type\":\"image\",\"props\":{\"image\":\"wp-content\/uploads\/2026\/04\/Fiffi_Programm_04_26_RZ2.jpg\",\"image_height\":500,\"image_svg_color\":\"emphasis\",\"margin_bottom\":\"default\",\"margin_top\":\"default\",\"text_align\":\"center\"}},{\"type\":\"button\",\"props\":{\"grid_column_gap\":\"small\",\"grid_row_gap\":\"small\",\"margin_bottom\":\"default\",\"margin_top\":\"default\",\"text_align\":\"center\"},\"children\":[{\"type\":\"button_item\",\"props\":{\"button_style\":\"default\",\"content\":\"Programm \",\"dialog_layout\":\"modal\",\"dialog_offcanvas_flip\":true,\"icon_align\":\"left\",\"link\":\"?page_id=31\"}}]}]}]}]},{\"name\":\"Image\",\"type\":\"section\",\"props\":{\"height\":\"viewport\",\"height_viewport\":50,\"image\":\"wp-content\/uploads\/2025\/10\/gallerie_0045.jpg\",\"image_effect\":\"fixed\",\"image_position\":\"center-center\",\"image_size\":\"cover\",\"image_width\":\"1920\",\"style\":\"default\",\"title_breakpoint\":\"xl\",\"title_position\":\"top-left\",\"title_rotation\":\"left\",\"vertical_align\":\"middle\",\"width\":\"default\"},\"children\":[{\"type\":\"row\",\"children\":[{\"type\":\"column\",\"props\":{\"image_position\":\"center-center\",\"position_sticky_breakpoint\":\"m\",\"width_medium\":\"1-1\"}}]}]},{\"name\":\"Restaurant gallery\",\"type\":\"section\",\"props\":{\"animation\":\"fade\",\"image_position\":\"center-left\",\"image_width\":600,\"media_focal_point\":\"center-left\",\"padding_bottom\":\"large\",\"padding_top\":\"large\",\"style\":\"muted\",\"title_breakpoint\":\"xl\",\"title_position\":\"top-left\",\"title_rotation\":\"left\",\"vertical_align\":\"\",\"width\":\"small\"},\"children\":[{\"type\":\"row\",\"props\":{\"margin_bottom\":\"large\",\"margin_top\":\"large\"},\"children\":[{\"type\":\"column\",\"props\":{\"image_position\":\"center-center\",\"position_sticky_breakpoint\":\"m\",\"width_medium\":\"1-1\"},\"children\":[{\"type\":\"headline\",\"props\":{\"content\":\"Die Bar\",\"image_align\":\"left\",\"image_margin\":\"xsmall\",\"text_align\":\"center\",\"title_element\":\"h2\"}}]}]},{\"type\":\"row\",\"props\":{\"column_gap\":\"small\",\"layout\":\"1-2,1-2\",\"row_gap\":\"small\"},\"children\":[{\"type\":\"column\",\"props\":{\"image_position\":\"center-center\",\"position_sticky_breakpoint\":\"m\",\"width_small\":\"1-2\"},\"children\":[{\"type\":\"overlay\",\"props\":{\"image\":\"wp-content\/uploads\/2025\/10\/drink1.jpg\",\"image_height\":610,\"image_width\":610,\"link\":\"?page_id=2438\",\"link_style\":\"default\",\"link_text\":\"\",\"margin_bottom\":\"remove\",\"margin_top\":\"remove\",\"meta_align\":\"below-title\",\"meta_element\":\"div\",\"meta_style\":\"text-meta\",\"overlay_hover\":true,\"overlay_link\":true,\"overlay_mode\":\"cover\",\"overlay_position\":\"center\",\"overlay_style\":\"overlay-default\",\"overlay_transition\":\"fade\",\"text_align\":\"center\",\"text_color\":\"\",\"title\":\"Getr\u00e4nke\",\"title_element\":\"h3\",\"title_hover_style\":\"reset\",\"title_style\":\"h4\"}}]},{\"type\":\"column\",\"props\":{\"image_position\":\"center-center\",\"position_sticky_breakpoint\":\"m\",\"width_small\":\"1-2\"},\"children\":[{\"type\":\"overlay\",\"props\":{\"image\":\"wp-content\/uploads\/2025\/10\/raimund2.jpg\",\"image_height\":610,\"image_width\":\"610\",\"link\":\"?page_id=2\",\"link_style\":\"default\",\"link_text\":\"\",\"margin_bottom\":\"remove\",\"margin_top\":\"remove\",\"meta_align\":\"below-title\",\"meta_element\":\"div\",\"meta_style\":\"text-meta\",\"overlay_hover\":true,\"overlay_link\":true,\"overlay_mode\":\"cover\",\"overlay_position\":\"center\",\"overlay_style\":\"overlay-default\",\"overlay_transition\":\"fade\",\"text_align\":\"center\",\"text_color\":\"\",\"title\":\"Geschichte\",\"title_element\":\"h3\",\"title_hover_style\":\"reset\",\"title_style\":\"h4\"}}]}]},{\"type\":\"row\",\"props\":{\"column_gap\":\"small\",\"layout\":\"2-3,1-3\",\"row_gap\":\"small\"},\"children\":[{\"type\":\"column\",\"props\":{\"image_position\":\"center-center\",\"position_sticky_breakpoint\":\"m\",\"width_small\":\"2-3\"},\"children\":[{\"type\":\"overlay\",\"props\":{\"image\":\"wp-content\/uploads\/2025\/10\/buehne.jpg\",\"image_height\":400,\"image_width\":\"610\",\"link\":\"?page_id=3\",\"link_style\":\"default\",\"link_text\":\"\",\"margin_bottom\":\"remove\",\"margin_top\":\"remove\",\"meta_align\":\"below-title\",\"meta_element\":\"div\",\"meta_style\":\"text-meta\",\"overlay_hover\":true,\"overlay_link\":true,\"overlay_mode\":\"cover\",\"overlay_position\":\"center\",\"overlay_style\":\"overlay-default\",\"overlay_transition\":\"fade\",\"text_align\":\"center\",\"text_color\":\"\",\"title\":\"Galerie\",\"title_element\":\"h3\",\"title_hover_style\":\"reset\",\"title_style\":\"h4\"}}]},{\"type\":\"column\",\"props\":{\"image_position\":\"center-center\",\"position_sticky_breakpoint\":\"m\",\"width_small\":\"1-3\"},\"children\":[{\"type\":\"overlay\",\"props\":{\"image\":\"wp-content\/uploads\/2025\/10\/drums.jpg\",\"image_height\":470,\"image_width\":350,\"link\":\"?page_id=31\",\"link_style\":\"default\",\"link_text\":\"\",\"margin_bottom\":\"remove\",\"margin_top\":\"remove\",\"meta_align\":\"below-title\",\"meta_element\":\"div\",\"meta_style\":\"text-meta\",\"overlay_hover\":true,\"overlay_link\":true,\"overlay_mode\":\"cover\",\"overlay_position\":\"center\",\"overlay_style\":\"overlay-default\",\"overlay_transition\":\"fade\",\"text_align\":\"center\",\"text_color\":\"\",\"title\":\"Veranstaltungen\",\"title_element\":\"h3\",\"title_hover_style\":\"reset\",\"title_style\":\"h4\"}}]}]},{\"type\":\"row\",\"props\":{\"margin_bottom\":\"large\",\"margin_top\":\"large\"},\"children\":[{\"type\":\"column\",\"props\":{\"image_position\":\"center-center\",\"position_sticky_breakpoint\":\"m\",\"width_medium\":\"1-1\"},\"children\":[{\"type\":\"text\",\"props\":{\"block_align\":\"center\",\"column_breakpoint\":\"m\",\"content\":\"\n\n<p>Auf den Hund gekommen? <br \/>Die lange, 20-j\u00e4hrige Geschichte der fiffiBAR in der K\u00f6lner S\u00fcdstadt begann einst in der Rolandstra\u00dfe mit der Idee ...<\/p>\n\n\",\"margin_bottom\":\"\",\"margin_top\":\"\",\"maxwidth\":\"2xlarge\",\"text_align\":\"center\",\"text_style\":\"lead\"}},{\"type\":\"button\",\"props\":{\"grid_column_gap\":\"small\",\"grid_row_gap\":\"small\",\"margin_bottom\":\"medium\",\"margin_top\":\"medium\",\"text_align\":\"center\"},\"children\":[{\"type\":\"button_item\",\"props\":{\"button_style\":\"default\",\"content\":\"Geschichte\",\"dialog_layout\":\"modal\",\"dialog_offcanvas_flip\":true,\"icon\":\"arrow-right\",\"icon_align\":\"right\",\"link\":\"?page_id=2\"}}]}]}]}]},{\"name\":\"Contact\",\"type\":\"section\",\"props\":{\"animation\":\"fade\",\"image_position\":\"center-center\",\"padding_bottom\":\"large\",\"padding_top\":\"large\",\"style\":\"default\",\"title_breakpoint\":\"xl\",\"title_position\":\"top-left\",\"title_rotation\":\"left\",\"vertical_align\":\"\",\"width\":\"default\"},\"children\":[{\"type\":\"row\",\"children\":[{\"type\":\"column\",\"props\":{\"image_position\":\"center-center\",\"position_sticky_breakpoint\":\"m\",\"width_medium\":\"1-1\"},\"children\":[{\"type\":\"headline\",\"props\":{\"content\":\"Reservierungen\",\"image_align\":\"left\",\"image_margin\":\"xsmall\",\"text_align\":\"center\",\"title_element\":\"h2\"}}]}]},{\"type\":\"row\",\"props\":{\"width\":\"small\"},\"children\":[{\"type\":\"column\",\"props\":{\"image_position\":\"center-center\",\"position_sticky_breakpoint\":\"m\",\"width_medium\":\"1-1\"},\"children\":[{\"type\":\"text\",\"props\":{\"block_align\":\"center\",\"column_breakpoint\":\"m\",\"content\":\"\n\n<p>Du suchst den perfekten Ort f\u00fcr deine n\u00e4chste Party?<\/p>\n\n\",\"margin_bottom\":\"default\",\"margin_top\":\"default\",\"maxwidth\":\"xlarge\",\"text_align\":\"center\"}}]}]},{\"type\":\"row\",\"props\":{\"divider\":true,\"layout\":\"1-2,1-2\",\"margin_bottom\":\"large\",\"margin_top\":\"large\",\"width\":\"small\"},\"children\":[{\"type\":\"column\",\"props\":{\"image_position\":\"center-center\",\"position_sticky_breakpoint\":\"m\",\"width_small\":\"1-2\"},\"children\":[{\"type\":\"headline\",\"props\":{\"content\":\"Phone\",\"image_align\":\"left\",\"image_margin\":\"xsmall\",\"text_align\":\"center\",\"title_color\":\"primary\",\"title_element\":\"h3\",\"title_style\":\"h6\"}},{\"type\":\"text\",\"props\":{\"column_breakpoint\":\"m\",\"content\":\"<a class=\\\"uk-link-reset\\\" href=\\\"tel:+49170 4049981\\\">+49 (0)170 4049981<\/a>\",\"margin_bottom\":\"default\",\"margin_top\":\"default\",\"text_align\":\"center\",\"text_style\":\"large\"}}]},{\"type\":\"column\",\"props\":{\"image_position\":\"center-center\",\"position_sticky_breakpoint\":\"m\",\"width_small\":\"1-2\"},\"children\":[{\"type\":\"headline\",\"props\":{\"content\":\"Email\",\"image_align\":\"left\",\"image_margin\":\"xsmall\",\"text_align\":\"center\",\"title_color\":\"primary\",\"title_element\":\"h3\",\"title_style\":\"h6\"}},{\"type\":\"text\",\"props\":{\"column_breakpoint\":\"m\",\"content\":\"\n\n<p><a class=\\\"uk-link-reset\\\" href=\\\"mailto:info@fiffibar.de\\\">info@fiffibar.de<\/a><\/p>\n\n\",\"margin_bottom\":\"default\",\"margin_top\":\"default\",\"text_align\":\"center\",\"text_style\":\"large\"}}]}]},{\"type\":\"row\",\"props\":{\"margin_bottom\":\"large\",\"margin_top\":\"large\"},\"children\":[{\"type\":\"column\",\"props\":{\"image_position\":\"center-center\",\"position_sticky_breakpoint\":\"m\",\"width_medium\":\"1-1\"},\"children\":[{\"type\":\"map\",\"props\":{\"controls\":true,\"dragging\":false,\"height\":\"435\",\"image_svg_color\":\"emphasis\",\"link_style\":\"default\",\"link_text\":\"Read more\",\"margin_bottom\":\"large\",\"margin_top\":\"large\",\"max_zoom\":18,\"meta_align\":\"below-title\",\"meta_element\":\"div\",\"meta_style\":\"text-meta\",\"min_zoom\":0,\"poi\":false,\"popup_max_width\":\"200\",\"show_content\":true,\"show_image\":true,\"show_link\":true,\"show_meta\":true,\"show_title\":true,\"styler_gamma\":\"0.3\",\"styler_invert_lightness\":false,\"styler_lightness\":\"90\",\"styler_saturation\":\"-100\",\"title_element\":\"h3\",\"title_hover_style\":\"reset\",\"type\":\"roadmap\",\"zoom\":\"16\",\"zooming\":false},\"children\":[{\"type\":\"map_item\",\"props\":{\"content\":\"\n\n<p>Severinswall 35<br \/> \\n50678 K\u00f6ln<\/p>\n\n\\n\n\n<p><a href=\\\"mailto:table@email.com\\\">info@fiffibar.de<\/a><br \/>\\n<a class=\\\"uk-link-reset\\\" href=\\\"tel:+44(0)5555555555\\\">+49 (0)170 4049981<\/a><\/p>\n\n\",\"location\":\"50.9227461,6.9621012\",\"title\":\"fiffi BAR\"}}]},{\"type\":\"button\",\"props\":{\"button_size\":\"large\",\"grid_column_gap\":\"\",\"grid_row_gap\":\"\",\"margin_bottom\":\"\",\"margin_top\":\"\",\"text_align\":\"center\"},\"children\":[{\"type\":\"button_item\",\"props\":{\"button_style\":\"default\",\"content\":\"Folge uns auf Instagram\",\"dialog_layout\":\"modal\",\"dialog_offcanvas_flip\":true,\"icon\":\"instagram\",\"icon_align\":\"left\",\"link\":\"https:\/\/www.instagram.com\/fiffibar?igsh=eWt3YjE4MnVzdXJl\",\"link_target\":true}},{\"type\":\"button_item\",\"props\":{\"button_style\":\"default\",\"content\":\"Folge uns auf Facebook\",\"dialog_layout\":\"modal\",\"dialog_offcanvas_flip\":true,\"icon\":\"facebook\",\"icon_align\":\"left\",\"link\":\"https:\/\/www.facebook.com\/share\/1F2EpJBQMc\/?mibextid=wwXIfr\",\"link_target\":true}}]}]}]}]}],\"version\":\"5.0.28\"} --><\/p>\n","protected":false},"excerpt":{"rendered":"<p>Seit 1999 Die fiffi Bar A big welcome, wuff! Wir veranstalten legend\u00e4re Quiz Shows und Karaoke Abende. Ausserdem finden bei uns aktuell die Jazz BOTT Live Konzerte statt. Programm Download April 2026 Programm Die Bar Getr\u00e4nke Geschichte Galerie Veranstaltungen Auf den Hund gekommen? Die lange, 20-j\u00e4hrige Geschichte der fiffiBAR in der K\u00f6lner S\u00fcdstadt begann einst [&hellip;]<\/p>\n","protected":false},"author":1,"featured_media":0,"parent":0,"menu_order":3,"comment_status":"closed","ping_status":"closed","template":"","meta":{"_acf_changed":false,"footnotes":""},"class_list":["post-1","page","type-page","status-publish","hentry"],"acf":[],"_links":{"self":[{"href":"https:\/\/fiffibar.de\/index.php?rest_route=\/wp\/v2\/pages\/1","targetHints":{"allow":["GET"]}}],"collection":[{"href":"https:\/\/fiffibar.de\/index.php?rest_route=\/wp\/v2\/pages"}],"about":[{"href":"https:\/\/fiffibar.de\/index.php?rest_route=\/wp\/v2\/types\/page"}],"author":[{"embeddable":true,"href":"https:\/\/fiffibar.de\/index.php?rest_route=\/wp\/v2\/users\/1"}],"replies":[{"embeddable":true,"href":"https:\/\/fiffibar.de\/index.php?rest_route=%2Fwp%2Fv2%2Fcomments&post=1"}],"version-history":[{"count":166,"href":"https:\/\/fiffibar.de\/index.php?rest_route=\/wp\/v2\/pages\/1\/revisions"}],"predecessor-version":[{"id":3242,"href":"https:\/\/fiffibar.de\/index.php?rest_route=\/wp\/v2\/pages\/1\/revisions\/3242"}],"wp:attachment":[{"href":"https:\/\/fiffibar.de\/index.php?rest_route=%2Fwp%2Fv2%2Fmedia&parent=1"}],"curies":[{"name":"wp","href":"https:\/\/api.w.org\/{rel}","templated":true}]}}