{"id":19,"date":"2019-07-24T14:27:38","date_gmt":"2019-07-24T14:27:38","guid":{"rendered":"https:\/\/fiffibar.de\/?page_id=19"},"modified":"2026-01-17T17:49:14","modified_gmt":"2026-01-17T17:49:14","slug":"contact","status":"publish","type":"page","link":"https:\/\/fiffibar.de\/?page_id=19","title":{"rendered":"Contact"},"content":{"rendered":"<h1>Du suchst den perfekten Ort f\u00fcr deine n\u00e4chste Party?<\/h1>\n<div>\n<p>Feier doch bei uns &#8211; was auch immer &#8230; Geburtstage von 5 bis 100 Personen, Firmen. und Weihnachtsfeiern, Pr\u00e4sentationen, Taufen, Babypinkeln, Hochzeiten oder oder oder &#8230;<\/p>\n<p>Komm einfach vorbei oder rufe Raimund Eck an und sichere dir deinen Wunschtermin.<\/p>\n<p>Die 5 Gr\u00fcnde bei uns zu feiern<\/p>\n<p>1. Platz, Platz, Platz <br \/>Innen dufte abfeiern und und drau\u00dfen plaudern, perfekt oder? Drinnen Platz f\u00fcr max. 100 G\u00e4ste (stehend + ein paar Tische) und drau\u00dfen Sitzpl\u00e4tze f\u00fcr rund 50. Am Ende sind dann eh alle am Tanzen, oder? Partys gehen bis 3.00 nachts &#8230; (ab 24:00 ohne Aussengastro)<\/p>\n<p>2. Lecker trinken <br \/>Wir stimmen die Drinks, Cocktails oder was auch immer deine G\u00e4ste wollen mit Dir perfekt ab. Soll ja dir und deinen G\u00e4sten schmecken.<\/p>\n<p>3. Buffet\/Speisen: <br \/>Prinzipiell bieten wir nur noch Suppen und Eint\u00f6pfe an. Wie beispielsweise eine vegetarische Thai-Curry Suppe oder eine M\u00f6hren-Mango Cremesuppe. Auch ein leckeres Chili von Carne l\u00e4sst sich arrangieren. Komplette Buffets m\u00fcssen selbst organisiert werden. Gegen eine geringe Pauschale stellen wir aber Geschirr und Besteck. Plastikteller und anderes Einwegbesteck sehen wir nicht so gerne. Es lie\u00dfen sich auch Pizzen aus den benachbarten Italienischen Restaurants ordern.<\/p>\n<p>4. Komplett Ausgestattet <br \/>Alles f\u00fcr Musik, Licht und Show ist &#8222;ready to go&#8220;: Es gibt einen Beamer, mehrere Monitore und einen Wirt, der die Technik versteht und nat\u00fcrlich auch f\u00fcr dich bedienen kann. Auf Wunsch nennen wir dir auch den passenden DJ.<\/p>\n<p>5. Erfahrung &amp; Routine <br \/>Wir haben hier &#8211; seit 2009 &#8211; schon \u00fcber 150 Parties veranstaltet und wissen, worauf es im Vorfeld und w\u00e4hrend deiner Party ankommt. Gut f\u00fcr dich und deine Party, oder?<\/p>\n<p>Bei uns kannst du auch ohne Buffet feiern, aber warum hungrig bleiben?<br \/>Bring Dein Essen selbst mit.<\/p>\n<p>Wenn du andere W\u00fcnsche hast: Frag uns einfach danach.\u00a0<\/p>\n<\/div>\n<p><p>\n        <a href=\"mailto:info@fiffibar.de\">Schreib uns<\/a>\n    <\/p>\n<\/p>\n<h2>Kontakt<\/h2>\n<div>\n<p>Severinswall 35<br \/>50678 K\u00f6ln<\/p>\n<\/p>\n<\/div>\n<h2>\u00d6ffnungszeiten<\/h2>\n<ul>\n<li>\n<h3>Mi.\/Do.<\/h3>\n<div>\n<p>19.00 &#8211; 1.00 Uhr<\/p>\n<\/div>\n<\/li>\n<li>\n<h3>Fr.\/Sa.<\/h3>\n<div>\n<p>19.00 &#8211; 2.00 Uhr<\/p>\n<\/div>\n<\/li>\n<\/ul>\n<h2>Reservierungen<\/h2>\n<div>\n<p><a class=\"uk-link-reset\" href=\"mailto:info@fiffibar.de\">info@fiffibar.de<\/a><br \/><a class=\"uk-link-reset\" href=\"tel:+491704049981\">+49 (0)170 4049981<\/a><\/p>\n<\/div>\n<div>\n<p>50.9227461,6.9621012<\/p>\n<h3>Copper Hill<\/h3>\n<div>\n<p>Severinswall 35<br \/>50678 K\u00f6ln<\/p>\n<\/div>\n<\/div>\n<p><!--more--><br \/>\n<!-- {\"type\":\"layout\",\"children\":[{\"name\":\"Image\",\"type\":\"section\",\"props\":{\"height\":\"viewport\",\"height_viewport\":40,\"image\":\"wp-content\/uploads\/2025\/10\/theke_klein.jpg\",\"image_effect\":\"fixed\",\"image_loading\":true,\"image_position\":\"center-center\",\"image_size\":\"cover\",\"image_width\":\"2560\",\"padding_bottom\":\"large\",\"padding_top\":\"large\",\"preserve_color\":false,\"style\":\"default\",\"text_color\":\"light\",\"title_breakpoint\":\"xl\",\"title_position\":\"top-left\",\"title_rotation\":\"left\",\"vertical_align\":\"middle\",\"width\":\"default\"},\"children\":[{\"type\":\"row\",\"children\":[{\"type\":\"column\",\"props\":{\"image_position\":\"center-center\",\"position_sticky_breakpoint\":\"m\",\"width_medium\":\"1-1\"}}]}]},{\"name\":\"Contact\",\"type\":\"section\",\"props\":{\"animation\":\"fade\",\"image_position\":\"center-center\",\"image_size\":\"cover\",\"padding_bottom\":\"large\",\"padding_top\":\"large\",\"style\":\"default\",\"title_breakpoint\":\"xl\",\"title_position\":\"top-left\",\"title_rotation\":\"left\",\"vertical_align\":\"\",\"width\":\"default\"},\"children\":[{\"type\":\"row\",\"children\":[{\"type\":\"column\",\"props\":{\"image_position\":\"center-center\",\"position_sticky_breakpoint\":\"m\",\"width_medium\":\"1-1\"},\"children\":[{\"type\":\"headline\",\"props\":{\"content\":\"Du suchst den perfekten Ort f\u00fcr deine n\u00e4chste Party?\",\"image_align\":\"left\",\"image_margin\":\"xsmall\",\"maxwidth\":\"2xlarge\",\"text_align\":\"left\",\"title_element\":\"h1\",\"title_style\":\"h2\"}},{\"type\":\"text\",\"props\":{\"column_breakpoint\":\"m\",\"content\":\"\n\n<p>Feier doch bei uns - was auch immer ... Geburtstage von 5 bis 100 Personen, Firmen. und Weihnachtsfeiern, Pr\u00e4sentationen, Taufen, Babypinkeln, Hochzeiten oder oder oder ...<\/p>\n\n\\n\n\n<p>Komm einfach vorbei oder rufe Raimund Eck an und sichere dir deinen Wunschtermin.<\/p>\n\n\\n\n\n<p>Die 5 Gr\u00fcnde bei uns zu feiern<\/p>\n\n\\n\n\n<p>1. Platz, Platz, Platz <br \/>Innen dufte abfeiern und und drau\u00dfen plaudern, perfekt oder? Drinnen Platz f\u00fcr max. 100 G\u00e4ste (stehend + ein paar Tische) und drau\u00dfen Sitzpl\u00e4tze f\u00fcr rund 50. Am Ende sind dann eh alle am Tanzen, oder? Partys gehen bis 3.00 nachts ... (ab 24:00 ohne Aussengastro)<\/p>\n\n\\n\n\n<p>2. Lecker trinken <br \/>Wir stimmen die Drinks, Cocktails oder was auch immer deine G\u00e4ste wollen mit Dir perfekt ab. Soll ja dir und deinen G\u00e4sten schmecken.<\/p>\n\n\\n\n\n<p>3. Buffet\/Speisen: <br \/>Prinzipiell bieten wir nur noch Suppen und Eint\u00f6pfe an. Wie beispielsweise eine vegetarische Thai-Curry Suppe oder eine M\u00f6hren-Mango Cremesuppe. Auch ein leckeres Chili von Carne l\u00e4sst sich arrangieren. Komplette Buffets m\u00fcssen selbst organisiert werden. Gegen eine geringe Pauschale stellen wir aber Geschirr und Besteck. Plastikteller und anderes Einwegbesteck sehen wir nicht so gerne. Es lie\u00dfen sich auch Pizzen aus den benachbarten Italienischen Restaurants ordern.<\/p>\n\n\\n\n\n<p>4. Komplett Ausgestattet <br \/>Alles f\u00fcr Musik, Licht und Show ist \\\"ready to go\\\": Es gibt einen Beamer, mehrere Monitore und einen Wirt, der die Technik versteht und nat\u00fcrlich auch f\u00fcr dich bedienen kann. Auf Wunsch nennen wir dir auch den passenden DJ.<\/p>\n\n\\n\n\n<p>5. Erfahrung &amp; Routine <br \/>Wir haben hier - seit 2009 - schon \u00fcber 150 Parties veranstaltet und wissen, worauf es im Vorfeld und w\u00e4hrend deiner Party ankommt. Gut f\u00fcr dich und deine Party, oder?<\/p>\n\n\\n\n\n<p>Bei uns kannst du auch ohne Buffet feiern, aber warum hungrig bleiben?<br \/>Bring Dein Essen selbst mit.<\/p>\n\n\\n\n\n<p>Wenn du andere W\u00fcnsche hast: Frag uns einfach danach.\u00a0<\/p>\n\n\",\"margin_bottom\":\"medium\",\"margin_top\":\"medium\",\"maxwidth\":\"xlarge\",\"text_align\":\"left\"}},{\"type\":\"button\",\"props\":{\"grid_column_gap\":\"small\",\"grid_row_gap\":\"small\",\"margin_bottom\":\"default\",\"margin_top\":\"default\"},\"children\":[{\"type\":\"button_item\",\"props\":{\"button_style\":\"default\",\"content\":\"Schreib uns\",\"dialog_layout\":\"modal\",\"dialog_offcanvas_flip\":true,\"icon_align\":\"left\",\"link\":\"mailto:info@fiffibar.de\"}}]}]}]},{\"type\":\"row\",\"props\":{\"column_gap\":\"large\",\"layout\":\"1-3,1-3,1-3\",\"margin_bottom\":\"xlarge\",\"margin_top\":\"xlarge\",\"row_gap\":\"large\",\"width\":\"default\"},\"children\":[{\"type\":\"column\",\"props\":{\"image_position\":\"center-center\",\"position_sticky_breakpoint\":\"m\",\"width_medium\":\"1-3\"},\"children\":[{\"type\":\"headline\",\"props\":{\"content\":\"Kontakt\",\"image_align\":\"left\",\"image_margin\":\"xsmall\",\"margin_bottom\":\"remove\",\"margin_top\":\"medium\",\"title_decoration\":\"divider\",\"title_element\":\"h2\",\"title_style\":\"h4\"}},{\"type\":\"text\",\"props\":{\"column_breakpoint\":\"m\",\"content\":\"\n\n<p>Severinswall 35<br \/>50678 K\u00f6ln<\/p>\n\n\\n\n\n\n\n\",\"margin_bottom\":\"default\",\"margin_top\":\"default\",\"text_align\":\"left\"}}]},{\"type\":\"column\",\"props\":{\"image_position\":\"center-center\",\"position_sticky_breakpoint\":\"m\",\"width_medium\":\"1-3\"},\"children\":[{\"type\":\"headline\",\"props\":{\"content\":\"\u00d6ffnungszeiten\",\"image_align\":\"left\",\"image_margin\":\"xsmall\",\"margin_bottom\":\"remove\",\"margin_top\":\"medium\",\"title_decoration\":\"divider\",\"title_element\":\"h2\",\"title_style\":\"h4\"}},{\"type\":\"description_list\",\"props\":{\"column_breakpoint\":\"m\",\"layout\":\"grid-2\",\"list_element\":\"ul\",\"meta_align\":\"below-content\",\"meta_style\":\"text-meta\",\"show_content\":true,\"show_link\":true,\"show_meta\":true,\"show_title\":true,\"title_element\":\"div\",\"title_grid_column_gap\":\"small\",\"title_grid_row_gap\":\"small\",\"title_grid_width\":\"small\"},\"children\":[{\"type\":\"description_list_item\",\"props\":{\"content\":\"\n\n<p>19.00 - 1.00 Uhr<\/p>\n\n\",\"title\":\"Mi.\/Do.\"}},{\"type\":\"description_list_item\",\"props\":{\"content\":\"\n\n<p>19.00 - 2.00 Uhr<\/p>\n\n\",\"title\":\"Fr.\/Sa.\"}}]}]},{\"type\":\"column\",\"props\":{\"image_position\":\"center-center\",\"position_sticky_breakpoint\":\"m\",\"width_medium\":\"1-3\"},\"children\":[{\"type\":\"headline\",\"props\":{\"content\":\"Reservierungen\",\"image_align\":\"left\",\"image_margin\":\"xsmall\",\"title_decoration\":\"divider\",\"title_element\":\"h2\",\"title_style\":\"h4\"}},{\"type\":\"text\",\"props\":{\"column_breakpoint\":\"m\",\"content\":\"\n\n<p><a class=\\\"uk-link-reset\\\" href=\\\"mailto:info@fiffibar.de\\\">info@fiffibar.de<\/a><br \/><a class=\\\"uk-link-reset\\\" href=\\\"tel:+491704049981\\\">+49 (0)170 4049981<\/a><\/p>\n\n\",\"margin_bottom\":\"remove\",\"margin_top\":\"remove\"}}]}]}]},{\"name\":\"Map\",\"type\":\"section\",\"props\":{\"image_position\":\"center-center\",\"padding_bottom\":\"none\",\"padding_top\":\"none\",\"style\":\"default\",\"title_breakpoint\":\"xl\",\"title_position\":\"top-left\",\"title_rotation\":\"left\",\"vertical_align\":\"\",\"width\":\"\"},\"children\":[{\"type\":\"row\",\"children\":[{\"type\":\"column\",\"props\":{\"image_position\":\"center-center\",\"position_sticky_breakpoint\":\"m\",\"width_medium\":\"1-1\"},\"children\":[{\"type\":\"map\",\"props\":{\"controls\":false,\"dragging\":false,\"height\":\"600\",\"image_svg_color\":\"emphasis\",\"link_style\":\"default\",\"link_text\":\"Read more\",\"margin_bottom\":\"default\",\"margin_top\":\"default\",\"max_zoom\":18,\"meta_align\":\"below-title\",\"meta_element\":\"div\",\"meta_style\":\"text-meta\",\"min_zoom\":0,\"poi\":false,\"show_content\":true,\"show_image\":true,\"show_link\":true,\"show_meta\":true,\"show_title\":true,\"styler_gamma\":\"0.3\",\"styler_lightness\":\"90\",\"styler_saturation\":\"-100\",\"title_element\":\"h3\",\"title_hover_style\":\"reset\",\"type\":\"roadmap\",\"zoom\":\"16\",\"zooming\":false},\"children\":[{\"type\":\"map_item\",\"props\":{\"content\":\"\n\n<p>Severinswall 35<br \/>50678 K\u00f6ln<\/p>\n\n\",\"location\":\"50.9227461,6.9621012\",\"title\":\"Copper Hill\"}}]}]}]}]}],\"version\":\"5.0.3\"} --><\/p>\n","protected":false},"excerpt":{"rendered":"<p>Du suchst den perfekten Ort f\u00fcr deine n\u00e4chste Party? Feier doch bei uns &#8211; was auch immer &#8230; Geburtstage von 5 bis 100 Personen, Firmen. und Weihnachtsfeiern, Pr\u00e4sentationen, Taufen, Babypinkeln, Hochzeiten oder oder oder &#8230; Komm einfach vorbei oder rufe Raimund Eck an und sichere dir deinen Wunschtermin. Die 5 Gr\u00fcnde bei uns zu feiern [&hellip;]<\/p>\n","protected":false},"author":1,"featured_media":0,"parent":0,"menu_order":2,"comment_status":"closed","ping_status":"closed","template":"","meta":{"_acf_changed":false,"footnotes":""},"class_list":["post-19","page","type-page","status-publish","hentry"],"acf":[],"_links":{"self":[{"href":"https:\/\/fiffibar.de\/index.php?rest_route=\/wp\/v2\/pages\/19","targetHints":{"allow":["GET"]}}],"collection":[{"href":"https:\/\/fiffibar.de\/index.php?rest_route=\/wp\/v2\/pages"}],"about":[{"href":"https:\/\/fiffibar.de\/index.php?rest_route=\/wp\/v2\/types\/page"}],"author":[{"embeddable":true,"href":"https:\/\/fiffibar.de\/index.php?rest_route=\/wp\/v2\/users\/1"}],"replies":[{"embeddable":true,"href":"https:\/\/fiffibar.de\/index.php?rest_route=%2Fwp%2Fv2%2Fcomments&post=19"}],"version-history":[{"count":25,"href":"https:\/\/fiffibar.de\/index.php?rest_route=\/wp\/v2\/pages\/19\/revisions"}],"predecessor-version":[{"id":3176,"href":"https:\/\/fiffibar.de\/index.php?rest_route=\/wp\/v2\/pages\/19\/revisions\/3176"}],"wp:attachment":[{"href":"https:\/\/fiffibar.de\/index.php?rest_route=%2Fwp%2Fv2%2Fmedia&parent=19"}],"curies":[{"name":"wp","href":"https:\/\/api.w.org\/{rel}","templated":true}]}}